{"id":2795,"date":"2023-12-20T18:20:48","date_gmt":"2023-12-20T17:20:48","guid":{"rendered":"https:\/\/www.smartbrain.es\/smartbrain_it\/?page_id=2795"},"modified":"2026-01-09T11:23:55","modified_gmt":"2026-01-09T10:23:55","slug":"quienes-somos","status":"publish","type":"page","link":"https:\/\/www.smartbrain.es\/smartbrain_it\/quienes-somos\/","title":{"rendered":"Qui\u00e9nes somos &#8211; Smartbrain, una empresa social de impacto"},"content":{"rendered":"\t\t<div data-elementor-type=\"wp-page\" data-elementor-id=\"2795\" class=\"elementor elementor-2795\">\n\t\t\t\t<div class=\"elementor-element elementor-element-759a54c3 e-flex e-con-boxed e-con e-parent\" data-id=\"759a54c3\" data-element_type=\"container\" data-e-type=\"container\">\n\t\t\t\t\t<div class=\"e-con-inner\">\n\t\t\t\t<div class=\"elementor-element elementor-element-e1d99be elementor-widget elementor-widget-heading\" data-id=\"e1d99be\" data-element_type=\"widget\" data-e-type=\"widget\" data-widget_type=\"heading.default\">\n\t\t\t\t<div class=\"elementor-widget-container\">\n\t\t\t\t\t<h2 class=\"elementor-heading-title elementor-size-default\"><p><br><\/p><p>Aiutiamo ad affrontare <\/p><br><p>la principale sfida socioeconomica del XXI secolo<\/p><br><\/h2>\t\t\t\t<\/div>\n\t\t\t\t<\/div>\n\t\t\t\t<div class=\"elementor-element elementor-element-231b88f elementor-widget elementor-widget-text-editor\" data-id=\"231b88f\" data-element_type=\"widget\" data-e-type=\"widget\" data-widget_type=\"text-editor.default\">\n\t\t\t\t<div class=\"elementor-widget-container\">\n\t\t\t\t\t\t\t\t\t<p>Stiamo invecchiando rapidamente. Nel 2030 il 30% della popolazione avr\u00e0 pi\u00f9 di 65 anni, con un&#8217;aspettativa di vita superiore agli 85 anni.<\/p><p>Il rischio di soffrire di perdita delle capacit\u00e0 cognitive (demenza) cresce esponenzialmente con l&#8217;et\u00e0, colpendo 1 persona su 3 di et\u00e0 superiore agli 80 anni.<\/p><p>La demenza \u00e8 una malattia che attualmente non ha cura e le persone che ne soffrono finiscono per diventare totalmente dipendenti. L&#8217;impatto socioeconomico che genera \u00e8, e sar\u00e0, enorme, quindi \u00e8 necessario agire in modo efficace e con urgenza.<\/p><p>La demenza pu\u00f2 essere prevenuta e, una volta diagnosticata, pu\u00f2 essere trattata per rallentarne il decorso, consentendo alla persona affetta di mantenere pi\u00f9 a lungo la propria autonomia e qualit\u00e0 di vita e, di conseguenza, anche quella dei suoi familiari.<\/p><p>Come? <span style=\"color: #0000ff;\"><strong>Eseguendo esercizi di stimolazione cognitiva.<\/strong><\/span><\/p>\t\t\t\t\t\t\t\t<\/div>\n\t\t\t\t<\/div>\n\t\t\t\t\t<\/div>\n\t\t\t\t<\/div>\n\t\t<div class=\"elementor-element elementor-element-34bfe116 e-con-full e-flex e-con e-parent\" data-id=\"34bfe116\" data-element_type=\"container\" data-e-type=\"container\" id=\"profesional02\">\n\t\t<div class=\"elementor-element elementor-element-4b1f5300 e-con-full e-flex e-con e-child\" data-id=\"4b1f5300\" data-element_type=\"container\" data-e-type=\"container\">\n\t\t\t\t<div class=\"elementor-element elementor-element-6b1ad92 elementor-widget elementor-widget-image\" data-id=\"6b1ad92\" data-element_type=\"widget\" data-e-type=\"widget\" data-widget_type=\"image.default\">\n\t\t\t\t<div class=\"elementor-widget-container\">\n\t\t\t\t\t\t\t\t\t\t\t\t\t\t\t<img fetchpriority=\"high\" decoding=\"async\" width=\"1024\" height=\"925\" src=\"https:\/\/www.smartbrain.es\/smartbrain_it\/wp-content\/uploads\/2023\/12\/tablet-ordenador-naranja-1024x925.png\" class=\"attachment-large size-large wp-image-2817\" alt=\"\" srcset=\"https:\/\/www.smartbrain.es\/smartbrain_it\/wp-content\/uploads\/2023\/12\/tablet-ordenador-naranja-1024x925.png 1024w, https:\/\/www.smartbrain.es\/smartbrain_it\/wp-content\/uploads\/2023\/12\/tablet-ordenador-naranja-300x271.png 300w, https:\/\/www.smartbrain.es\/smartbrain_it\/wp-content\/uploads\/2023\/12\/tablet-ordenador-naranja-768x694.png 768w, https:\/\/www.smartbrain.es\/smartbrain_it\/wp-content\/uploads\/2023\/12\/tablet-ordenador-naranja.png 1224w\" sizes=\"(max-width: 1024px) 100vw, 1024px\" \/>\t\t\t\t\t\t\t\t\t\t\t\t\t\t\t<\/div>\n\t\t\t\t<\/div>\n\t\t\t\t<div class=\"elementor-element elementor-element-222e1722 elementor-widget elementor-widget-text-editor\" data-id=\"222e1722\" data-element_type=\"widget\" data-e-type=\"widget\" data-widget_type=\"text-editor.default\">\n\t\t\t\t<div class=\"elementor-widget-container\">\n\t\t\t\t\t\t\t\t\t<h4><span style=\"color: #000080;\">Smartbrain: prevenzione e trattamento\u00a0<\/span><\/h4><h4><span style=\"color: #000080;\">della perdita delle capacit\u00e0 cognitive<\/span><\/h4><div class=\"elementor-element elementor-element-e1d99be elementor-widget elementor-widget-heading\" data-id=\"e1d99be\" data-element_type=\"widget\" data-widget_type=\"heading.default\"><div class=\"elementor-widget-container\"><h2 class=\"elementor-heading-title elementor-size-default\"><span style=\"color: #11a1e8; font-size: 17px; font-weight: normal;\">\u00a0<\/span><\/h2><h2 class=\"elementor-heading-title elementor-size-default\"><span style=\"color: #11a1e8; font-size: 17px; font-weight: normal;\">Siamo un team di sperti in psicostimolazione, nuove tecnologie e gestione aziendale<\/span><\/h2><\/div><\/div><div class=\"elementor-element elementor-element-231b88f elementor-widget elementor-widget-text-editor\" data-id=\"231b88f\" data-element_type=\"widget\" data-widget_type=\"text-editor.default\"><div class=\"elementor-widget-container\"><p>Siamo orgogliosi di essere un\u2019azienda con un impatto sociale, in quanto il nostro obiettivo \u00e8 aiutare tutte le persone, in particolare gli anziani e i gruppi affetti da qualsiasi tipo di deterioramento cognitivo, a rafforzare tutte le capacit\u00e0 mentali, a prevenirne e curarne la perdita, a mantenere pi\u00f9 a lungo l\u2019autonomia personale e la qualit\u00e0 della vita, e a combattere la demenza e la dipendenza.<\/p><\/div><\/div><p>All&#8217;origine di Smartbrain c&#8217;\u00e8 l&#8217;esperienza personale del fondatore, che ha conosciuto in prima persona, poich\u00e9 diversi familiari ne avevano sofferto, l&#8217;impatto delle malattie da demenza non solo sulle persone colpite, ma anche sulle loro famiglie.<\/p><p>Ha compreso l&#8217;importanza e il valore di svolgere attivit\u00e0 di stimolazione cognitiva come mezzo per trattare la demenza e, soprattutto, l&#8217;utilit\u00e0 delle nuove tecnologie per poter svolgere la stimolazione in modo vario, ordinato e adattato a ogni esigenza, potenziando anche la capacit\u00e0 di monitoraggio dei terapisti.<\/p><p>Su queste basi abbiamo sviluppato il Programma Smartbrain, con le basi scientifiche fornite dagli specialisti della Fundaci\u00f3 ACE e dagli scienziati dell&#8217;Universit\u00e0 di Pittsburgh,\u00a0e con il sostegno della Ship2B Foundation e della Open Value Foundation.<\/p>\t\t\t\t\t\t\t\t<\/div>\n\t\t\t\t<\/div>\n\t\t\t\t<\/div>\n\t\t\t\t<\/div>\n\t\t<div class=\"elementor-element elementor-element-e57cb4e e-con-full e-flex e-con e-parent\" data-id=\"e57cb4e\" data-element_type=\"container\" data-e-type=\"container\">\n\t\t<div class=\"elementor-element elementor-element-8fb4fe3 e-con-full e-flex e-con e-child\" data-id=\"8fb4fe3\" data-element_type=\"container\" data-e-type=\"container\">\n\t\t\t\t<div class=\"elementor-element elementor-element-88917bc elementor-widget elementor-widget-image\" data-id=\"88917bc\" data-element_type=\"widget\" data-e-type=\"widget\" data-widget_type=\"image.default\">\n\t\t\t\t<div class=\"elementor-widget-container\">\n\t\t\t\t\t\t\t\t\t\t\t\t\t\t\t<img decoding=\"async\" width=\"972\" height=\"1024\" src=\"https:\/\/www.smartbrain.es\/smartbrain_it\/wp-content\/uploads\/2023\/12\/Brain_azul-972x1024.png\" class=\"attachment-large size-large wp-image-2291\" alt=\"\" srcset=\"https:\/\/www.smartbrain.es\/smartbrain_it\/wp-content\/uploads\/2023\/12\/Brain_azul-972x1024.png 972w, https:\/\/www.smartbrain.es\/smartbrain_it\/wp-content\/uploads\/2023\/12\/Brain_azul-285x300.png 285w, https:\/\/www.smartbrain.es\/smartbrain_it\/wp-content\/uploads\/2023\/12\/Brain_azul-768x809.png 768w, https:\/\/www.smartbrain.es\/smartbrain_it\/wp-content\/uploads\/2023\/12\/Brain_azul.png 1018w\" sizes=\"(max-width: 972px) 100vw, 972px\" \/>\t\t\t\t\t\t\t\t\t\t\t\t\t\t\t<\/div>\n\t\t\t\t<\/div>\n\t\t\t\t<div class=\"elementor-element elementor-element-e4b0abc elementor-widget elementor-widget-text-editor\" data-id=\"e4b0abc\" data-element_type=\"widget\" data-e-type=\"widget\" data-widget_type=\"text-editor.default\">\n\t\t\t\t<div class=\"elementor-widget-container\">\n\t\t\t\t\t\t\t\t\t<p>Grazie al sostegno ricevuto da questi enti e alla fiducia riposta da numerosi enti pubblici e privati dedicati all&#8217;assistenza di anziani e gruppi con diagnosi di demenza, oggi molte persone in Italia, Spagna, Stati Uniti, Cile, Argentina, Messico, Colombia&#8230; stanno gi\u00e0 migliorando le loro capacit\u00e0 cognitive e combattendo efficacemente contro la demenza e la dipendenza, grazie all&#8217;uso del programma Smartbrain.<\/p><p>Sia per la sua comprovata efficacia nel trattare efficacemente la malattia di Alzheimer, sia per il gran numero di associazioni Alzheimer che utilizzano Smartbrain,<\/p><p>CEAFA &#8211; Confederazione Spagnola Alzheimer raccomanda l&#8217;uso del programma Smartbrain.<\/p><p><a href=\"mailto:info@smartbrain.net\" target=\"_blank\" rel=\"noopener\">Vi invitiamo a contattarci<\/a> per avere maggiori informazioni sul Programma Smartbrain<\/p>\t\t\t\t\t\t\t\t<\/div>\n\t\t\t\t<\/div>\n\t\t\t\t<\/div>\n\t\t\t\t<\/div>\n\t\t\t\t<section class=\"elementor-section elementor-top-section elementor-element elementor-element-3daaa2ed elementor-section-boxed elementor-section-height-default elementor-section-height-default\" data-id=\"3daaa2ed\" data-element_type=\"section\" data-e-type=\"section\" id=\"demo-prof\" data-settings=\"{&quot;background_background&quot;:&quot;slideshow&quot;,&quot;background_slideshow_gallery&quot;:[],&quot;background_slideshow_loop&quot;:&quot;yes&quot;,&quot;background_slideshow_slide_duration&quot;:5000,&quot;background_slideshow_slide_transition&quot;:&quot;fade&quot;,&quot;background_slideshow_transition_duration&quot;:500}\">\n\t\t\t\t\t\t\t<div class=\"elementor-background-overlay\"><\/div>\n\t\t\t\t\t\t\t<div class=\"elementor-container elementor-column-gap-default\">\n\t\t\t\t\t<div class=\"elementor-column elementor-col-100 elementor-top-column elementor-element elementor-element-e020c11\" data-id=\"e020c11\" data-element_type=\"column\" data-e-type=\"column\" data-settings=\"{&quot;background_background&quot;:&quot;slideshow&quot;,&quot;background_slideshow_gallery&quot;:[],&quot;background_slideshow_loop&quot;:&quot;yes&quot;,&quot;background_slideshow_slide_duration&quot;:5000,&quot;background_slideshow_slide_transition&quot;:&quot;fade&quot;,&quot;background_slideshow_transition_duration&quot;:500}\">\n\t\t\t<div class=\"elementor-widget-wrap elementor-element-populated\">\n\t\t\t\t\t\t<div class=\"elementor-element elementor-element-8174514 elementor-widget elementor-widget-heading\" data-id=\"8174514\" data-element_type=\"widget\" data-e-type=\"widget\" data-widget_type=\"heading.default\">\n\t\t\t\t<div class=\"elementor-widget-container\">\n\t\t\t\t\t<h4 class=\"elementor-heading-title elementor-size-default\">Richiedi subito la tua prova gratuita<\/h4>\t\t\t\t<\/div>\n\t\t\t\t<\/div>\n\t\t\t\t<div class=\"elementor-element elementor-element-3431ae23 elementor-widget elementor-widget-text-editor\" data-id=\"3431ae23\" data-element_type=\"widget\" data-e-type=\"widget\" data-widget_type=\"text-editor.default\">\n\t\t\t\t<div class=\"elementor-widget-container\">\n\t\t\t\t\t\t\t\t\t<p>Vi invitiamo a provare quanto sia facile e piacevole utilizzare il Programma Smartbrain direttamente e comodamente da casa, per assistere i vostri familiari affetti senza dover viaggiare, e per mantenere la qualit\u00e0 della vita di ognuno pi\u00f9 a lungo risparmiando denaro.<\/p>\t\t\t\t\t\t\t\t<\/div>\n\t\t\t\t<\/div>\n\t\t\t\t<div class=\"elementor-element elementor-element-7036b24f elementor-align-center elementor-widget elementor-widget-button\" data-id=\"7036b24f\" data-element_type=\"widget\" data-e-type=\"widget\" data-widget_type=\"button.default\">\n\t\t\t\t<div class=\"elementor-widget-container\">\n\t\t\t\t\t\t\t\t\t<div class=\"elementor-button-wrapper\">\n\t\t\t\t\t<a class=\"elementor-button elementor-button-link elementor-size-sm\" href=\"https:\/\/www.smartbrain.es\/smartbrain_it\/solicitar-demo\/\" target=\"_blank\">\n\t\t\t\t\t\t<span class=\"elementor-button-content-wrapper\">\n\t\t\t\t\t\t\t\t\t<span class=\"elementor-button-text\">Voglio provare Smartbrain<\/span>\n\t\t\t\t\t<\/span>\n\t\t\t\t\t<\/a>\n\t\t\t\t<\/div>\n\t\t\t\t\t\t\t\t<\/div>\n\t\t\t\t<\/div>\n\t\t\t\t\t<\/div>\n\t\t<\/div>\n\t\t\t\t\t<\/div>\n\t\t<\/section>\n\t\t\t\t<\/div>\n\t\t","protected":false},"excerpt":{"rendered":"<p>Aiutiamo ad affrontare la principale sfida socioeconomica del XXI secolo Stiamo invecchiando rapidamente. Nel 2030 il 30% della popolazione avr\u00e0 pi\u00f9 di 65 anni, con un&#8217;aspettativa di vita superiore agli 85 anni. Il rischio di soffrire di perdita delle capacit\u00e0 cognitive (demenza) cresce esponenzialmente con l&#8217;et\u00e0, colpendo 1 persona su 3 di et\u00e0 superiore agli&#8230;<\/p>\n","protected":false},"author":1,"featured_media":0,"parent":0,"menu_order":0,"comment_status":"closed","ping_status":"closed","template":"","meta":{"footnotes":""},"class_list":["post-2795","page","type-page","status-publish","hentry"],"aioseo_notices":[],"_links":{"self":[{"href":"https:\/\/www.smartbrain.es\/smartbrain_it\/wp-json\/wp\/v2\/pages\/2795","targetHints":{"allow":["GET"]}}],"collection":[{"href":"https:\/\/www.smartbrain.es\/smartbrain_it\/wp-json\/wp\/v2\/pages"}],"about":[{"href":"https:\/\/www.smartbrain.es\/smartbrain_it\/wp-json\/wp\/v2\/types\/page"}],"author":[{"embeddable":true,"href":"https:\/\/www.smartbrain.es\/smartbrain_it\/wp-json\/wp\/v2\/users\/1"}],"replies":[{"embeddable":true,"href":"https:\/\/www.smartbrain.es\/smartbrain_it\/wp-json\/wp\/v2\/comments?post=2795"}],"version-history":[{"count":181,"href":"https:\/\/www.smartbrain.es\/smartbrain_it\/wp-json\/wp\/v2\/pages\/2795\/revisions"}],"predecessor-version":[{"id":4761,"href":"https:\/\/www.smartbrain.es\/smartbrain_it\/wp-json\/wp\/v2\/pages\/2795\/revisions\/4761"}],"wp:attachment":[{"href":"https:\/\/www.smartbrain.es\/smartbrain_it\/wp-json\/wp\/v2\/media?parent=2795"}],"curies":[{"name":"wp","href":"https:\/\/api.w.org\/{rel}","templated":true}]}}