{"id":2838,"date":"2023-12-20T20:59:48","date_gmt":"2023-12-20T19:59:48","guid":{"rendered":"https:\/\/www.smartbrain.es\/smartbrain_it\/?page_id=2838"},"modified":"2025-09-14T18:44:48","modified_gmt":"2025-09-14T16:44:48","slug":"solicitar-demo","status":"publish","type":"page","link":"https:\/\/www.smartbrain.es\/smartbrain_it\/solicitar-demo\/","title":{"rendered":"Richiesta di prova gratuita del Programma Smartbrain"},"content":{"rendered":"\t\t<div data-elementor-type=\"wp-page\" data-elementor-id=\"2838\" class=\"elementor elementor-2838\">\n\t\t\t\t\t\t<section class=\"elementor-section elementor-top-section elementor-element elementor-element-14a0a43a elementor-section-boxed elementor-section-height-default elementor-section-height-default\" data-id=\"14a0a43a\" data-element_type=\"section\" data-e-type=\"section\">\n\t\t\t\t\t\t\t<div class=\"elementor-background-overlay\"><\/div>\n\t\t\t\t\t\t\t<div class=\"elementor-container elementor-column-gap-default\">\n\t\t\t\t\t<div class=\"elementor-column elementor-col-100 elementor-top-column elementor-element elementor-element-5c1efe32 elementor-invisible\" data-id=\"5c1efe32\" data-element_type=\"column\" data-e-type=\"column\" data-settings=\"{&quot;animation&quot;:&quot;fadeIn&quot;}\">\n\t\t\t<div class=\"elementor-widget-wrap elementor-element-populated\">\n\t\t\t\t\t\t<div class=\"elementor-element elementor-element-5bdc14b0 elementor-widget elementor-widget-heading\" data-id=\"5bdc14b0\" data-element_type=\"widget\" data-e-type=\"widget\" data-widget_type=\"heading.default\">\n\t\t\t\t<div class=\"elementor-widget-container\">\n\t\t\t\t\t<h4 class=\"elementor-heading-title elementor-size-default\">Richiesta di prova gratuita del Programma Smartbrain<\/h4>\t\t\t\t<\/div>\n\t\t\t\t<\/div>\n\t\t\t\t<div class=\"elementor-element elementor-element-fbb3a27 elementor-widget elementor-widget-text-editor\" data-id=\"fbb3a27\" data-element_type=\"widget\" data-e-type=\"widget\" data-widget_type=\"text-editor.default\">\n\t\t\t\t<div class=\"elementor-widget-container\">\n\t\t\t\t\t\t\t\t\t<p>Ti invitiamo a provare e conoscere, in modo completamente gratuito e senza impegno, icontenuti e il funzionamento del Programma Smartbrain. Per fare ci\u00f2 compila il seguentemodulo indicando nel primo campo il tipo di utilizzo che vuoi fare del programma.Se sei un professionista, al termine della prova gratuita potrai richiedere un certificato diconoscenza dei contenuti e del funzionamento del programma.Potrai goderti la prova gratuita online, 24 ore su 24, e ovunque tu abbia un computer, tablet,Smart TV o qualsiasi altro dispositivo connesso a Internet.Non appena riceveremo la tua richiesta, ti invieremo via email alcuni codici di accesso alprogramma come tutor, con i quali potrai registrare quanti utenti\/pazienti test vorrai, eutilizzare il programma con tutti per 15 giorni .<\/p>\t\t\t\t\t\t\t\t<\/div>\n\t\t\t\t<\/div>\n\t\t\t\t\t<\/div>\n\t\t<\/div>\n\t\t\t\t\t<\/div>\n\t\t<\/section>\n\t\t<div class=\"elementor-element elementor-element-80a609f e-flex e-con-boxed e-con e-parent\" data-id=\"80a609f\" data-element_type=\"container\" data-e-type=\"container\">\n\t\t\t\t\t<div class=\"e-con-inner\">\n\t\t\t\t<div class=\"elementor-element elementor-element-0f225d9 e-transform e-transform elementor-widget-mobile__width-inherit elementor-widget elementor-widget-wp-widget-custom_html\" data-id=\"0f225d9\" data-element_type=\"widget\" data-e-type=\"widget\" data-settings=\"{&quot;_transform_scaleX_effect&quot;:{&quot;unit&quot;:&quot;px&quot;,&quot;size&quot;:1,&quot;sizes&quot;:[]},&quot;_transform_translateX_effect&quot;:{&quot;unit&quot;:&quot;px&quot;,&quot;size&quot;:&quot;&quot;,&quot;sizes&quot;:[]},&quot;_transform_translateX_effect_tablet&quot;:{&quot;unit&quot;:&quot;px&quot;,&quot;size&quot;:&quot;&quot;,&quot;sizes&quot;:[]},&quot;_transform_translateX_effect_mobile&quot;:{&quot;unit&quot;:&quot;px&quot;,&quot;size&quot;:&quot;&quot;,&quot;sizes&quot;:[]},&quot;_transform_translateY_effect&quot;:{&quot;unit&quot;:&quot;px&quot;,&quot;size&quot;:&quot;&quot;,&quot;sizes&quot;:[]},&quot;_transform_translateY_effect_tablet&quot;:{&quot;unit&quot;:&quot;px&quot;,&quot;size&quot;:&quot;&quot;,&quot;sizes&quot;:[]},&quot;_transform_translateY_effect_mobile&quot;:{&quot;unit&quot;:&quot;px&quot;,&quot;size&quot;:&quot;&quot;,&quot;sizes&quot;:[]},&quot;_transform_scaleX_effect_tablet&quot;:{&quot;unit&quot;:&quot;px&quot;,&quot;size&quot;:&quot;&quot;,&quot;sizes&quot;:[]},&quot;_transform_scaleX_effect_mobile&quot;:{&quot;unit&quot;:&quot;px&quot;,&quot;size&quot;:&quot;&quot;,&quot;sizes&quot;:[]},&quot;_transform_scaleY_effect&quot;:{&quot;unit&quot;:&quot;px&quot;,&quot;size&quot;:&quot;&quot;,&quot;sizes&quot;:[]},&quot;_transform_scaleY_effect_tablet&quot;:{&quot;unit&quot;:&quot;px&quot;,&quot;size&quot;:&quot;&quot;,&quot;sizes&quot;:[]},&quot;_transform_scaleY_effect_mobile&quot;:{&quot;unit&quot;:&quot;px&quot;,&quot;size&quot;:&quot;&quot;,&quot;sizes&quot;:[]}}\" data-widget_type=\"wp-widget-custom_html.default\">\n\t\t\t\t<div class=\"elementor-widget-container\">\n\t\t\t\t\t<div class=\"textwidget custom-html-widget\">\n<div class=\"wpcf7 no-js\" id=\"wpcf7-f3184-o1\" lang=\"es-ES\" dir=\"ltr\" data-wpcf7-id=\"3184\">\n<div class=\"screen-reader-response\"><p role=\"status\" aria-live=\"polite\" aria-atomic=\"true\"><\/p> <ul><\/ul><\/div>\n<form action=\"\/smartbrain_it\/wp-json\/wp\/v2\/pages\/2838#wpcf7-f3184-o1\" method=\"post\" class=\"wpcf7-form init\" aria-label=\"Formulario de contacto\" novalidate=\"novalidate\" data-status=\"init\">\n<fieldset class=\"hidden-fields-container\"><input type=\"hidden\" name=\"_wpcf7\" value=\"3184\" \/><input type=\"hidden\" name=\"_wpcf7_version\" value=\"6.1.4\" \/><input type=\"hidden\" name=\"_wpcf7_locale\" value=\"es_ES\" \/><input type=\"hidden\" name=\"_wpcf7_unit_tag\" value=\"wpcf7-f3184-o1\" \/><input type=\"hidden\" name=\"_wpcf7_container_post\" value=\"0\" \/><input type=\"hidden\" name=\"_wpcf7_posted_data_hash\" value=\"\" \/>\n<\/fieldset>\n<div style=\"text-align:center;\">\n\t<p>Indica il tipo di utilizzo che vuoi fare con il Programma Smartbrain<br \/>\n(*)\n\t<\/p>\n\t<p><span class=\"wpcf7-form-control-wrap\" data-name=\"menu-175\"><select class=\"wpcf7-form-control wpcf7-select wpcf7-validates-as-required\" aria-required=\"true\" aria-invalid=\"false\" name=\"menu-175\"><option value=\"- Scegli un&#039;opzione -\">- Scegli un&#039;opzione -<\/option><option value=\"Uso professionale, in un centro o ente\">Uso professionale, in un centro o ente<\/option><option value=\"Uso privato\">Uso privato<\/option><\/select><\/span>\n\t<\/p>\n\t<p>Nome e cognome (*)\n\t<\/p>\n\t<p><span class=\"wpcf7-form-control-wrap\" data-name=\"your-name\"><input size=\"40\" maxlength=\"400\" class=\"wpcf7-form-control wpcf7-text wpcf7-validates-as-required\" aria-required=\"true\" aria-invalid=\"false\" value=\"\" type=\"text\" name=\"your-name\" \/><\/span>\n\t<\/p>\n\t<p>Indirizzo postale (*)\n\t<\/p>\n\t<p><span class=\"wpcf7-form-control-wrap\" data-name=\"postal-address\"><input size=\"40\" maxlength=\"400\" class=\"wpcf7-form-control wpcf7-text wpcf7-validates-as-required\" aria-required=\"true\" aria-invalid=\"false\" value=\"\" type=\"text\" name=\"postal-address\" \/><\/span>\n\t<\/p>\n\t<p>Localita (*)\n\t<\/p>\n\t<p><span class=\"wpcf7-form-control-wrap\" data-name=\"province\"><input size=\"40\" maxlength=\"400\" class=\"wpcf7-form-control wpcf7-text wpcf7-validates-as-required\" aria-required=\"true\" aria-invalid=\"false\" value=\"\" type=\"text\" name=\"province\" \/><\/span>\n\t<\/p>\n\t<p>Paese (*)\n\t<\/p>\n\t<p><span class=\"wpcf7-form-control-wrap\" data-name=\"pais\"><input size=\"40\" maxlength=\"400\" class=\"wpcf7-form-control wpcf7-text wpcf7-validates-as-required\" aria-required=\"true\" aria-invalid=\"false\" value=\"\" type=\"text\" name=\"pais\" \/><\/span>\n\t<\/p>\n\t<p>Codice postale (*)\n\t<\/p>\n\t<p><span class=\"wpcf7-form-control-wrap\" data-name=\"postal-code\"><input size=\"40\" maxlength=\"400\" class=\"wpcf7-form-control wpcf7-text wpcf7-validates-as-required\" aria-required=\"true\" aria-invalid=\"false\" value=\"\" type=\"text\" name=\"postal-code\" \/><\/span>\n\t<\/p>\n\t<p>Contatto e-mail (*)\n\t<\/p>\n\t<p><span class=\"wpcf7-form-control-wrap\" data-name=\"your-email\"><input size=\"40\" maxlength=\"400\" class=\"wpcf7-form-control wpcf7-email wpcf7-validates-as-required wpcf7-text wpcf7-validates-as-email\" aria-required=\"true\" aria-invalid=\"false\" value=\"\" type=\"email\" name=\"your-email\" \/><\/span>\n\t<\/p>\n\t<p>Telefono (*)\n\t<\/p>\n\t<p><span class=\"wpcf7-form-control-wrap\" data-name=\"tel-20\"><input size=\"40\" maxlength=\"400\" class=\"wpcf7-form-control wpcf7-tel wpcf7-validates-as-required wpcf7-text wpcf7-validates-as-tel\" aria-required=\"true\" aria-invalid=\"false\" value=\"\" type=\"tel\" name=\"tel-20\" \/><\/span>\n\t<\/p>\n<\/div>\n<div style=\"text-align:center;\">\n\t<p><input class=\"wpcf7-form-control wpcf7-submit has-spinner\" type=\"submit\" value=\"Inviare\" \/>\n\t<\/p>\n<\/div><p style=\"display: none !important;\" class=\"akismet-fields-container\" data-prefix=\"_wpcf7_ak_\"><label>&#916;<textarea name=\"_wpcf7_ak_hp_textarea\" cols=\"45\" rows=\"8\" maxlength=\"100\"><\/textarea><\/label><input type=\"hidden\" id=\"ak_js_1\" name=\"_wpcf7_ak_js\" value=\"155\"\/><script>document.getElementById( \"ak_js_1\" ).setAttribute( \"value\", ( new Date() ).getTime() );<\/script><\/p><div class=\"wpcf7-response-output\" aria-hidden=\"true\"><\/div>\n<\/form>\n<\/div>\n<\/div>\t\t\t\t<\/div>\n\t\t\t\t<\/div>\n\t\t\t\t<div class=\"elementor-element elementor-element-465ed53 elementor-widget elementor-widget-text-editor\" data-id=\"465ed53\" data-element_type=\"widget\" data-e-type=\"widget\" data-widget_type=\"text-editor.default\">\n\t\t\t\t<div class=\"elementor-widget-container\">\n\t\t\t\t\t\t\t\t\t<p><span style=\"color: #ff6600;\"><strong>NOTA:<\/strong><\/span>\u00a0Aseg\u00farate de indicar en el primer campo la versi\u00f3n del programa con la que deseas realizar la prueba gratuita (web, home o multi), y de rellenar correctamente todos los dem\u00e1s campos de este formulario. En cumplimiento de lo dispuesto por la normativa legal relativa a la protecci\u00f3n de datos personales te informamos que los datos que nos proporcione al rellenar este formulario ser\u00e1n recogidos en ficheros automatizados propiedad de Smartbrain and Wellbeing s.l., con CIF: B87620928, domiciliada en Calle Pico Balaitus 1 1C \u2013 28035 Madrid, tel\u00e9fono: (+34) 609 792 358,\u00a0 y correo electr\u00f3nico: info@smartbrain.es; y que los trataremos para gestionar la concesi\u00f3n de la prueba gratuita del Programa Smartbrain y para remitirte informaci\u00f3n sobre nuestras actividades y servicios. Los datos proporcionados se conservar\u00e1n mientras se mantenga la relaci\u00f3n comercial o durante los a\u00f1os necesarios para cumplir con las obligaciones legales. Los datos no ser\u00e1n cedidos a terceros salvo en los casos en los que exista una obligaci\u00f3n legal. Tienes derecho a tener confirmaci\u00f3n sobre si estamos tratando tus datos personales, y por tanto tienes derecho a acceder a tus datos, rectificar los que sean inexactos y\/o solicitar su supresi\u00f3n cuando ya no sean necesarios. Asimismo, con la aceptaci\u00f3n de este aviso legal reconoces que la informaci\u00f3n y los datos personales indicados son relativos a tu persona y que son exactos y ciertos.<\/p>\t\t\t\t\t\t\t\t<\/div>\n\t\t\t\t<\/div>\n\t\t\t\t\t<\/div>\n\t\t\t\t<\/div>\n\t\t\t\t<\/div>\n\t\t","protected":false},"excerpt":{"rendered":"<p>Richiesta di prova gratuita del Programma Smartbrain Ti invitiamo a provare e conoscere, in modo completamente gratuito e senza impegno, icontenuti e il funzionamento del Programma Smartbrain. Per fare ci\u00f2 compila il seguentemodulo indicando nel primo campo il tipo di utilizzo che vuoi fare del programma.Se sei un professionista, al termine della prova gratuita potrai&#8230;<\/p>\n","protected":false},"author":1,"featured_media":0,"parent":0,"menu_order":0,"comment_status":"closed","ping_status":"closed","template":"","meta":{"footnotes":""},"class_list":["post-2838","page","type-page","status-publish","hentry"],"aioseo_notices":[],"_links":{"self":[{"href":"https:\/\/www.smartbrain.es\/smartbrain_it\/wp-json\/wp\/v2\/pages\/2838","targetHints":{"allow":["GET"]}}],"collection":[{"href":"https:\/\/www.smartbrain.es\/smartbrain_it\/wp-json\/wp\/v2\/pages"}],"about":[{"href":"https:\/\/www.smartbrain.es\/smartbrain_it\/wp-json\/wp\/v2\/types\/page"}],"author":[{"embeddable":true,"href":"https:\/\/www.smartbrain.es\/smartbrain_it\/wp-json\/wp\/v2\/users\/1"}],"replies":[{"embeddable":true,"href":"https:\/\/www.smartbrain.es\/smartbrain_it\/wp-json\/wp\/v2\/comments?post=2838"}],"version-history":[{"count":35,"href":"https:\/\/www.smartbrain.es\/smartbrain_it\/wp-json\/wp\/v2\/pages\/2838\/revisions"}],"predecessor-version":[{"id":4566,"href":"https:\/\/www.smartbrain.es\/smartbrain_it\/wp-json\/wp\/v2\/pages\/2838\/revisions\/4566"}],"wp:attachment":[{"href":"https:\/\/www.smartbrain.es\/smartbrain_it\/wp-json\/wp\/v2\/media?parent=2838"}],"curies":[{"name":"wp","href":"https:\/\/api.w.org\/{rel}","templated":true}]}}