{"id":3097,"date":"2024-01-02T12:12:20","date_gmt":"2024-01-02T11:12:20","guid":{"rendered":"https:\/\/www.smartbrain.es\/smartbrain_it\/?page_id=3097"},"modified":"2025-09-14T18:45:12","modified_gmt":"2025-09-14T16:45:12","slug":"eficacia-probada","status":"publish","type":"page","link":"https:\/\/www.smartbrain.es\/smartbrain_it\/eficacia-probada\/","title":{"rendered":"Smartbrain: estimulaci\u00f3n cognitiva con eficacia probada"},"content":{"rendered":"\t\t<div data-elementor-type=\"wp-page\" data-elementor-id=\"3097\" class=\"elementor elementor-3097\">\n\t\t\t\t<div class=\"elementor-element elementor-element-96a42bd e-flex e-con-boxed e-con e-parent\" data-id=\"96a42bd\" data-element_type=\"container\" data-e-type=\"container\">\n\t\t\t\t\t<div class=\"e-con-inner\">\n\t\t\t\t<div class=\"elementor-element elementor-element-0316c18 elementor-widget elementor-widget-spacer\" data-id=\"0316c18\" data-element_type=\"widget\" data-e-type=\"widget\" data-widget_type=\"spacer.default\">\n\t\t\t\t<div class=\"elementor-widget-container\">\n\t\t\t\t\t\t\t<div class=\"elementor-spacer\">\n\t\t\t<div class=\"elementor-spacer-inner\"><\/div>\n\t\t<\/div>\n\t\t\t\t\t\t<\/div>\n\t\t\t\t<\/div>\n\t\t\t\t\t<\/div>\n\t\t\t\t<\/div>\n\t\t<div class=\"elementor-element elementor-element-fb6ac09 e-flex e-con-boxed e-con e-parent\" data-id=\"fb6ac09\" data-element_type=\"container\" data-e-type=\"container\">\n\t\t\t\t\t<div class=\"e-con-inner\">\n\t\t\t\t<div class=\"elementor-element elementor-element-91a61fa elementor-widget elementor-widget-heading\" data-id=\"91a61fa\" data-element_type=\"widget\" data-e-type=\"widget\" data-widget_type=\"heading.default\">\n\t\t\t\t<div class=\"elementor-widget-container\">\n\t\t\t\t\t<h3 class=\"elementor-heading-title elementor-size-default\">L'efficacia terapeutica di Smartbrain<br><br> \u00e8 scientificamente provata<\/h3>\t\t\t\t<\/div>\n\t\t\t\t<\/div>\n\t\t\t\t\t<\/div>\n\t\t\t\t<\/div>\n\t\t<div class=\"elementor-element elementor-element-37d0b80d e-flex e-con-boxed e-con e-parent\" data-id=\"37d0b80d\" data-element_type=\"container\" data-e-type=\"container\">\n\t\t\t\t\t<div class=\"e-con-inner\">\n\t\t\t\t<div class=\"elementor-element elementor-element-1f76a092 elementor-widget elementor-widget-text-editor\" data-id=\"1f76a092\" data-element_type=\"widget\" data-e-type=\"widget\" data-widget_type=\"text-editor.default\">\n\t\t\t\t<div class=\"elementor-widget-container\">\n\t\t\t\t\t\t\t\t\t<p>\u00a0<\/p>\n<p>Il Programma Smartbrain \u00e8 sviluppato su solide basi scientifiche, con la consulenza della Fundaci\u00f3 ACE e di scienziati dell&#8217;Universit\u00e0 di Pittsburgh.<\/p>\n<p>La sua efficacia terapeutica \u00e8 stata dimostrata scientificamente attraverso diversi studi medici condotti da specialisti nel trattamento del morbo di Alzheimer e del morbo di Parkinson, in conformit\u00e0 con i requisiti della medicina basata sull&#8217;evidenza, e utilizzando il Programma Smartbrain stesso. I risultati di questi studi sono pubblicati su prestigiose riviste specializzate:<\/p>\n<p><!-- \/wp:paragraph --><\/p>\n<p><!-- wp:list --><\/p>\n<ul>\n<li style=\"list-style-type: none;\">\n<ul><!-- wp:list-item --><\/ul>\n<\/li>\n<\/ul>\n<p>\u00a0<\/p>\n<ul>\n<li style=\"list-style-type: none;\">\n<ul>\n<li><span style=\"font-size: 17px;\">Deterioramento cognitivo causato dalla malattia di <span style=\"color: #ff6600;\"><strong>Alzheimer<\/strong><\/span> &#8211; <\/span><span style=\"color: #0000ff;\"><a style=\"color: #0000ff; text-decoration: underline;\" href=\"https:\/\/www.smartbrain.net\/articulos\/Prueba-eficacia-terapeutica-Smartbrain-Demencia-por-Alzheimer.pdf\" target=\"_blank\" rel=\"noopener\">Leggi l&#8217;articolo<\/a><\/span><\/li>\n<\/ul>\n<\/li>\n<\/ul>\n<p><!-- \/wp:list-item --><\/p>\n<p><!-- wp:list-item --><\/p>\n<ul>\n<li style=\"list-style-type: none;\">\n<ul>\n<li><span style=\"font-size: 17px;\">Deterioramento cognitivo causato dalla malattia di <span style=\"color: #ff6600;\"><strong>Parkinson<\/strong><\/span> &#8211; <\/span><span style=\"color: #0000ff;\"><a style=\"color: #0000ff; text-decoration: underline;\" href=\"https:\/\/www.smartbrain.net\/articulos\/Prueba-eficacia-terapeutica-Smartbrain-Demencia-por-Parkinson.pdf\" target=\"_blank\" rel=\"noopener\">Leggi l&#8217;articolo<\/a><\/span><\/li>\n<\/ul>\n<\/li>\n<\/ul>\n<p><!-- \/wp:list-item --><\/p>\n<p><!-- wp:list-item --><\/p>\n<ul>\n<li style=\"list-style-type: none;\">\n<ul>\n<li><span style=\"font-size: 17px;\">Deterioramento cognitivo causato dall <strong><span style=\"color: #ff6600;\">trattamento a lungo termine dell&#8217;AIDS<\/span><\/strong>\u00a0&#8211; <\/span><span style=\"color: #0000ff;\"><a style=\"color: #0000ff; text-decoration: underline;\" href=\"https:\/\/www.smartbrain.net\/articulos\/Prueba-eficacia-terapeutica-Smartbrain-Demencia-por-tratamiento-del-SIDA.pdf\" target=\"_blank\" rel=\"noopener\">Leggi l&#8217;articolo<\/a><\/span><\/li>\n<\/ul>\n<\/li>\n<\/ul>\n<p><!-- \/wp:list-item --><\/p>\n<p><!-- \/wp:list --><\/p>\n<p><!-- wp:paragraph --><\/p>\n<p>Gli studi medici hanno anche dimostrato l&#8217;efficacia di Smartbrain nel mantenere, e persino migliorare, le capacit\u00e0 mentali delle <span style=\"color: #ff6600;\"><strong>persone ricoverate in strutture residenziali<\/strong><\/span>\u00a0&#8211; <span style=\"text-decoration: underline;\"><span style=\"color: #0000ff; text-decoration: underline;\"><a style=\"color: #0000ff; text-decoration: underline;\" href=\"https:\/\/www.smartbrain.net\/articulos\/Prueba-eficacia-Smartbrain-Mejora-de-personas-institucionalizadas.pdf\" target=\"_blank\" rel=\"noopener\"><span style=\"font-size: 17px;\">Leggi l&#8217;articolo<\/span><\/a><\/span><\/span><\/p>\n<p><!-- \/wp:paragraph --><\/p>\n<p><!-- wp:paragraph --><\/p>\n<p>Il programma Smartbrain viene utilizzato con successo anche per trattare altri casi di deterioramento cognitivo:<\/p>\n<p><!-- \/wp:paragraph --><\/p>\n<p><!-- wp:list --><\/p>\n<ul>\n<li style=\"list-style-type: none;\">\n<ul><!-- wp:list-item --><\/ul>\n<\/li>\n<\/ul>\n<ul>\n<li style=\"list-style-type: none;\">\n<ul>\n<li><span style=\"font-size: 17px;\">Deterioramento cognitivo causato dal <span style=\"color: #ff6600;\"><strong>chemobrain<\/strong><\/span><\/span><\/li>\n<li><span style=\"font-size: 17px;\">Deterioramento cognitivo causato dal <span style=\"color: #ff6600;\"><strong>ictus<\/strong><\/span><\/span><\/li>\n<\/ul>\n<\/li>\n<\/ul>\n<p><!-- \/wp:list-item --><\/p>\n<p><!-- wp:list-item --><\/p>\n<ul>\n<li style=\"list-style-type: none;\">\n<ul>\n<li><span style=\"font-size: 17px;\">Deterioramento cognitivo causato dal <span style=\"color: #ff6600;\"><strong>danni cerebrali<\/strong><\/span><\/span><\/li>\n<\/ul>\n<\/li>\n<\/ul>\n<p><!-- \/wp:list-item --><\/p>\n<p><!-- wp:list-item --><\/p>\n<ul>\n<li style=\"list-style-type: none;\">\n<ul>\n<li><span style=\"font-size: 17px;\">Deterioramento cognitivo causato dal <span style=\"color: #ff6600;\"><strong>s\u00edndrome di Down<\/strong><\/span><\/span><\/li>\n<\/ul>\n<\/li>\n<\/ul>\n<p><!-- \/wp:list-item --><\/p>\n<p><!-- wp:list-item --><\/p>\n<ul>\n<li style=\"list-style-type: none;\">\n<ul>\n<li><span style=\"font-size: 17px;\">Deterioramento cognitivo causato dall <strong><span style=\"color: #ff6600;\">sclerosi multipla<\/span><\/strong><\/span><\/li>\n<\/ul>\n<\/li>\n<\/ul>\n<p><!-- \/wp:list-item --><\/p>\n<p><!-- \/wp:list --><\/p>\n<p><!-- wp:paragraph --><\/p>\n<p>Per ulteriori informazioni sulle prove dell&#8217;efficacia terapeutica del Programma Smartbrain, vi invitiamo a contattarci via e-mail: info@smartbrain.net, o chiamandoci al numero (+34) 609792358.<\/p>\n<p><!-- \/wp:paragraph --><\/p>\n<p><!-- wp:paragraph --><\/p>\n<p><!-- \/wp:paragraph --><\/p>\t\t\t\t\t\t\t\t<\/div>\n\t\t\t\t<\/div>\n\t\t\t\t\t<\/div>\n\t\t\t\t<\/div>\n\t\t\t\t<\/div>\n\t\t","protected":false},"excerpt":{"rendered":"<p>L&#8217;efficacia terapeutica di Smartbrain \u00e8 scientificamente provata \u00a0 Il Programma Smartbrain \u00e8 sviluppato su solide basi scientifiche, con la consulenza della Fundaci\u00f3 ACE e di scienziati dell&#8217;Universit\u00e0 di Pittsburgh. La sua efficacia terapeutica \u00e8 stata dimostrata scientificamente attraverso diversi studi medici condotti da specialisti nel trattamento del morbo di Alzheimer e del morbo di Parkinson,&#8230;<\/p>\n","protected":false},"author":1,"featured_media":0,"parent":0,"menu_order":0,"comment_status":"closed","ping_status":"closed","template":"","meta":{"footnotes":""},"class_list":["post-3097","page","type-page","status-publish","hentry"],"aioseo_notices":[],"_links":{"self":[{"href":"https:\/\/www.smartbrain.es\/smartbrain_it\/wp-json\/wp\/v2\/pages\/3097","targetHints":{"allow":["GET"]}}],"collection":[{"href":"https:\/\/www.smartbrain.es\/smartbrain_it\/wp-json\/wp\/v2\/pages"}],"about":[{"href":"https:\/\/www.smartbrain.es\/smartbrain_it\/wp-json\/wp\/v2\/types\/page"}],"author":[{"embeddable":true,"href":"https:\/\/www.smartbrain.es\/smartbrain_it\/wp-json\/wp\/v2\/users\/1"}],"replies":[{"embeddable":true,"href":"https:\/\/www.smartbrain.es\/smartbrain_it\/wp-json\/wp\/v2\/comments?post=3097"}],"version-history":[{"count":48,"href":"https:\/\/www.smartbrain.es\/smartbrain_it\/wp-json\/wp\/v2\/pages\/3097\/revisions"}],"predecessor-version":[{"id":4707,"href":"https:\/\/www.smartbrain.es\/smartbrain_it\/wp-json\/wp\/v2\/pages\/3097\/revisions\/4707"}],"wp:attachment":[{"href":"https:\/\/www.smartbrain.es\/smartbrain_it\/wp-json\/wp\/v2\/media?parent=3097"}],"curies":[{"name":"wp","href":"https:\/\/api.w.org\/{rel}","templated":true}]}}