{"id":3457,"date":"2024-01-12T10:54:44","date_gmt":"2024-01-12T09:54:44","guid":{"rendered":"https:\/\/www.smartbrain.es\/?page_id=3457"},"modified":"2025-09-14T18:45:41","modified_gmt":"2025-09-14T16:45:41","slug":"detalle-supervision-por-especialistas","status":"publish","type":"page","link":"https:\/\/www.smartbrain.es\/smartbrain_it\/detalle-supervision-por-especialistas\/","title":{"rendered":"Utiliza Smartbrain con la supervisi\u00f3n de un especialista"},"content":{"rendered":"\t\t<div data-elementor-type=\"wp-page\" data-elementor-id=\"3457\" class=\"elementor elementor-3457\">\n\t\t\t\t<div class=\"elementor-element elementor-element-38b55a74 e-con-full e-flex e-con e-parent\" data-id=\"38b55a74\" data-element_type=\"container\" data-e-type=\"container\" id=\"familias05\">\n\t\t<div class=\"elementor-element elementor-element-61cd29cd e-con-full e-flex e-con e-child\" data-id=\"61cd29cd\" data-element_type=\"container\" data-e-type=\"container\">\n\t\t\t\t<div class=\"elementor-element elementor-element-24517f7 elementor-widget elementor-widget-heading\" data-id=\"24517f7\" data-element_type=\"widget\" data-e-type=\"widget\" data-widget_type=\"heading.default\">\n\t\t\t\t<div class=\"elementor-widget-container\">\n\t\t\t\t\t<h2 class=\"elementor-heading-title elementor-size-default\">Smartbrain Web funziona da\ninterazione di due ambienti di lavoro:\nl'ambiente del tutor e l'ambiente dell'utente<\/h2>\t\t\t\t<\/div>\n\t\t\t\t<\/div>\n\t\t\t\t<\/div>\n\t\t\t\t<\/div>\n\t\t<div class=\"elementor-element elementor-element-2463225 e-con-full e-flex e-con e-parent\" data-id=\"2463225\" data-element_type=\"container\" data-e-type=\"container\">\n\t\t<div class=\"elementor-element elementor-element-b6c65eb e-con-full e-flex e-con e-child\" data-id=\"b6c65eb\" data-element_type=\"container\" data-e-type=\"container\">\n\t\t\t\t<div class=\"elementor-element elementor-element-03c81b2 elementor-widget elementor-widget-text-editor\" data-id=\"03c81b2\" data-element_type=\"widget\" data-e-type=\"widget\" data-widget_type=\"text-editor.default\">\n\t\t\t\t<div class=\"elementor-widget-container\">\n\t\t\t\t\t\t\t\t\t<p>L&#8217;ambiente tutor facilita ai terapisti la definizione e la gestione, in modo molto semplice e intuitivo, dei piani di stimolazione personalizzati di ciascun utente, combinando diversi parametri: numero e tipologia di attivit\u00e0 da svolgere, lingua e livello di difficolt\u00e0 di ciascuna uno di essi, numero di esercizi da eseguire ogni volta che vengono eseguiti, giorni lavorativi della settimana, durata di ogni sessione, ecc.<\/p><p>Questo ambiente offre inoltre ai terapisti una dashboard completa che permette loro di consultare e seguire in modo automatico ed immediato i dati di esecuzione dei piani di stimolazione da parte di ciascun utente.<\/p><p>La dashboard riporta il giorno e l&#8217;ora di esecuzione del piano di lavoro, il tempo impiegato complessivamente e in ciascuna delle attivit\u00e0, e lo storico dei risultati raggiunti e il loro andamento: globale, per ogni categoria cognitiva e per ogni attivit\u00e0.<\/p><p>I risultati sono presentati tramite grafici semplici ed intuitivi e possono essere scaricati anche in formato Excel o PDF.<\/p><p>La dashboard genera anche avvisi su eventi rilevanti nell&#8217;esecuzione dei piani di lavoro di cui i terapisti devono tenere conto, rendendo loro pi\u00f9 semplice seguire da vicino e in dettaglio l&#8217;evoluzione di ciascuno degli utenti.<\/p><p>Con tutte queste informazioni, i terapisti possono adattare in qualsiasi momento i parametri di esecuzione dei piani di lavoro, completare la diagnosi, informare i familiari, ecc.<\/p>\t\t\t\t\t\t\t\t<\/div>\n\t\t\t\t<\/div>\n\t\t\t\t<\/div>\n\t\t\t\t<\/div>\n\t\t<div class=\"elementor-element elementor-element-2f4b79f e-con-full e-flex e-con e-parent\" data-id=\"2f4b79f\" data-element_type=\"container\" data-e-type=\"container\">\n\t\t<div class=\"elementor-element elementor-element-5faad68 e-con-full e-flex e-con e-child\" data-id=\"5faad68\" data-element_type=\"container\" data-e-type=\"container\">\n\t\t\t\t<div class=\"elementor-element elementor-element-9af961d elementor-widget elementor-widget-text-editor\" data-id=\"9af961d\" data-element_type=\"widget\" data-e-type=\"widget\" data-widget_type=\"text-editor.default\">\n\t\t\t\t<div class=\"elementor-widget-container\">\n\t\t\t\t\t\t\t\t\t<div class=\"elementor-element elementor-element-fd1861c e-con-full e-flex e-con e-parent e-lazyloaded\" data-id=\"fd1861c\" data-element_type=\"container\"><div class=\"elementor-element elementor-element-12c2a822 e-con-full e-flex e-con e-child\" data-id=\"12c2a822\" data-element_type=\"container\"><div class=\"elementor-element elementor-element-2f13d28c elementor-widget elementor-widget-text-editor\" data-id=\"2f13d28c\" data-element_type=\"widget\" data-widget_type=\"text-editor.default\"><div class=\"elementor-widget-container\"><p>Da parte sua, l&#8217;ambiente di esecuzione delle attivit\u00e0 \u00e8 ci\u00f2 che rende pi\u00f9 facile per gli utenti eseguire i piani di stimolazione personalizzati definiti dai loro terapisti.<\/p><p>Questo ambiente funziona 24 ore su 24 ed \u00e8 possibile accedervi da qualsiasi luogo in cui si abbia accesso a Internet, con qualsiasi computer, tablet o dispositivo mobile.<\/p><p>Per fare ci\u00f2, l&#8217;utente si identifica con i codici di accesso definiti dai propri terapisti e, una volta all&#8217;interno del programma, gli vengono presentate automaticamente le attivit\u00e0 assegnate, applicando i parametri di esecuzione definiti dal terapista.<\/p><p>Per svolgere le attivit\u00e0, gli utenti ricevono istruzioni orali e scritte semplici e chiare e rispondono alle diverse situazioni presentate loro con il mouse o il touch screen.<\/p><p>Il programma registra automaticamente tutti i dati di esecuzione contemporaneamente, per generare immediatamente le informazioni che il terapista riceve nel proprio ambiente tutoriale.<\/p><p>Inoltre, in base ai risultati dell&#8217;esecuzione, il programma regola automaticamente anche il livello di difficolt\u00e0 delle attivit\u00e0.<\/p><\/div><\/div><\/div><\/div><section id=\"demo-familia\" class=\"elementor-section elementor-top-section elementor-element elementor-element-3e6a748e elementor-section-boxed elementor-section-height-default elementor-section-height-default\" data-id=\"3e6a748e\" data-element_type=\"section\" data-settings=\"{&quot;background_background&quot;:&quot;slideshow&quot;,&quot;background_slideshow_gallery&quot;:[],&quot;background_slideshow_loop&quot;:&quot;yes&quot;,&quot;background_slideshow_slide_duration&quot;:5000,&quot;background_slideshow_slide_transition&quot;:&quot;fade&quot;,&quot;background_slideshow_transition_duration&quot;:500}\"><div class=\"elementor-background-slideshow swiper\" dir=\"rtl\"><div class=\"swiper-wrapper\">\u00a0<\/div><\/div><div class=\"elementor-background-overlay\">\u00a0<\/div><div class=\"elementor-container elementor-column-gap-default\"><div class=\"elementor-column elementor-col-100 elementor-top-column elementor-element elementor-element-28ae4051\" data-id=\"28ae4051\" data-element_type=\"column\" data-settings=\"{&quot;background_background&quot;:&quot;slideshow&quot;,&quot;background_slideshow_gallery&quot;:[],&quot;background_slideshow_loop&quot;:&quot;yes&quot;,&quot;background_slideshow_slide_duration&quot;:5000,&quot;background_slideshow_slide_transition&quot;:&quot;fade&quot;,&quot;background_slideshow_transition_duration&quot;:500}\"><div class=\"elementor-background-slideshow swiper\" dir=\"rtl\">\u00a0<\/div><\/div><\/div><\/section>\t\t\t\t\t\t\t\t<\/div>\n\t\t\t\t<\/div>\n\t\t\t\t<\/div>\n\t\t\t\t<\/div>\n\t\t\t\t<section class=\"elementor-section elementor-top-section elementor-element elementor-element-23756521 elementor-section-boxed elementor-section-height-default elementor-section-height-default\" data-id=\"23756521\" data-element_type=\"section\" data-e-type=\"section\" data-settings=\"{&quot;background_background&quot;:&quot;slideshow&quot;,&quot;background_slideshow_gallery&quot;:[],&quot;background_slideshow_loop&quot;:&quot;yes&quot;,&quot;background_slideshow_slide_duration&quot;:5000,&quot;background_slideshow_slide_transition&quot;:&quot;fade&quot;,&quot;background_slideshow_transition_duration&quot;:500}\">\n\t\t\t\t\t\t\t<div class=\"elementor-background-overlay\"><\/div>\n\t\t\t\t\t\t\t<div class=\"elementor-container elementor-column-gap-default\">\n\t\t\t\t\t<div class=\"elementor-column elementor-col-100 elementor-top-column elementor-element elementor-element-10670743\" data-id=\"10670743\" data-element_type=\"column\" data-e-type=\"column\" data-settings=\"{&quot;background_background&quot;:&quot;slideshow&quot;,&quot;background_slideshow_gallery&quot;:[],&quot;background_slideshow_loop&quot;:&quot;yes&quot;,&quot;background_slideshow_slide_duration&quot;:5000,&quot;background_slideshow_slide_transition&quot;:&quot;fade&quot;,&quot;background_slideshow_transition_duration&quot;:500}\">\n\t\t\t<div class=\"elementor-widget-wrap elementor-element-populated\">\n\t\t\t\t\t\t<div class=\"elementor-element elementor-element-76da20f elementor-widget elementor-widget-heading\" data-id=\"76da20f\" data-element_type=\"widget\" data-e-type=\"widget\" data-widget_type=\"heading.default\">\n\t\t\t\t<div class=\"elementor-widget-container\">\n\t\t\t\t\t<h4 class=\"elementor-heading-title elementor-size-default\">Richiedi ora la tua prova gratuita<\/h4>\t\t\t\t<\/div>\n\t\t\t\t<\/div>\n\t\t\t\t<div class=\"elementor-element elementor-element-10975e0 elementor-widget elementor-widget-text-editor\" data-id=\"10975e0\" data-element_type=\"widget\" data-e-type=\"widget\" data-widget_type=\"text-editor.default\">\n\t\t\t\t<div class=\"elementor-widget-container\">\n\t\t\t\t\t\t\t\t\t<p class=\"p1\">Vi invitiamo a scoprire tutti i contenuti e le utilit\u00e0 offerte dal Programma Smartbrain usufruendo di una prova gratuita<\/p>\t\t\t\t\t\t\t\t<\/div>\n\t\t\t\t<\/div>\n\t\t\t\t<div class=\"elementor-element elementor-element-43c74a28 elementor-align-center elementor-widget elementor-widget-button\" data-id=\"43c74a28\" data-element_type=\"widget\" data-e-type=\"widget\" data-widget_type=\"button.default\">\n\t\t\t\t<div class=\"elementor-widget-container\">\n\t\t\t\t\t\t\t\t\t<div class=\"elementor-button-wrapper\">\n\t\t\t\t\t<a class=\"elementor-button elementor-button-link elementor-size-sm\" href=\"#\">\n\t\t\t\t\t\t<span class=\"elementor-button-content-wrapper\">\n\t\t\t\t\t\t\t\t\t<span class=\"elementor-button-text\">Voglio provare Smartbrain<\/span>\n\t\t\t\t\t<\/span>\n\t\t\t\t\t<\/a>\n\t\t\t\t<\/div>\n\t\t\t\t\t\t\t\t<\/div>\n\t\t\t\t<\/div>\n\t\t\t\t\t<\/div>\n\t\t<\/div>\n\t\t\t\t\t<\/div>\n\t\t<\/section>\n\t\t\t\t<\/div>\n\t\t","protected":false},"excerpt":{"rendered":"<p>Smartbrain Web funziona da interazione di due ambienti di lavoro: l&#8217;ambiente del tutor e l&#8217;ambiente dell&#8217;utente L&#8217;ambiente tutor facilita ai terapisti la definizione e la gestione, in modo molto semplice e intuitivo, dei piani di stimolazione personalizzati di ciascun utente, combinando diversi parametri: numero e tipologia di attivit\u00e0 da svolgere, lingua e livello di difficolt\u00e0&#8230;<\/p>\n","protected":false},"author":1,"featured_media":0,"parent":0,"menu_order":0,"comment_status":"closed","ping_status":"closed","template":"","meta":{"footnotes":""},"class_list":["post-3457","page","type-page","status-publish","hentry"],"aioseo_notices":[],"_links":{"self":[{"href":"https:\/\/www.smartbrain.es\/smartbrain_it\/wp-json\/wp\/v2\/pages\/3457","targetHints":{"allow":["GET"]}}],"collection":[{"href":"https:\/\/www.smartbrain.es\/smartbrain_it\/wp-json\/wp\/v2\/pages"}],"about":[{"href":"https:\/\/www.smartbrain.es\/smartbrain_it\/wp-json\/wp\/v2\/types\/page"}],"author":[{"embeddable":true,"href":"https:\/\/www.smartbrain.es\/smartbrain_it\/wp-json\/wp\/v2\/users\/1"}],"replies":[{"embeddable":true,"href":"https:\/\/www.smartbrain.es\/smartbrain_it\/wp-json\/wp\/v2\/comments?post=3457"}],"version-history":[{"count":47,"href":"https:\/\/www.smartbrain.es\/smartbrain_it\/wp-json\/wp\/v2\/pages\/3457\/revisions"}],"predecessor-version":[{"id":4559,"href":"https:\/\/www.smartbrain.es\/smartbrain_it\/wp-json\/wp\/v2\/pages\/3457\/revisions\/4559"}],"wp:attachment":[{"href":"https:\/\/www.smartbrain.es\/smartbrain_it\/wp-json\/wp\/v2\/media?parent=3457"}],"curies":[{"name":"wp","href":"https:\/\/api.w.org\/{rel}","templated":true}]}}