{"id":4015,"date":"2024-02-09T17:22:02","date_gmt":"2024-02-09T16:22:02","guid":{"rendered":"https:\/\/www.smartbrain.es\/?page_id=4015"},"modified":"2025-09-14T18:43:12","modified_gmt":"2025-09-14T16:43:12","slug":"premium-y-basico","status":"publish","type":"page","link":"https:\/\/www.smartbrain.es\/smartbrain_it\/premium-y-basico\/","title":{"rendered":"Premium y B\u00e1sico"},"content":{"rendered":"\t\t<div data-elementor-type=\"wp-page\" data-elementor-id=\"4015\" class=\"elementor elementor-4015\">\n\t\t\t\t<div class=\"elementor-element elementor-element-3722d3b4 e-con-full e-flex e-con e-parent\" data-id=\"3722d3b4\" data-element_type=\"container\" data-e-type=\"container\" id=\"familias05\">\n\t\t<div class=\"elementor-element elementor-element-7a3a658e e-con-full e-flex e-con e-child\" data-id=\"7a3a658e\" data-element_type=\"container\" data-e-type=\"container\">\n\t\t\t\t<div class=\"elementor-element elementor-element-679dc6d elementor-widget elementor-widget-heading\" data-id=\"679dc6d\" data-element_type=\"widget\" data-e-type=\"widget\" data-widget_type=\"heading.default\">\n\t\t\t\t<div class=\"elementor-widget-container\">\n\t\t\t\t\t<h2 class=\"elementor-heading-title elementor-size-default\">Come accedere e utilizzare Smartbrain<\/h2>\t\t\t\t<\/div>\n\t\t\t\t<\/div>\n\t\t\t\t<\/div>\n\t\t\t\t<\/div>\n\t\t<div class=\"elementor-element elementor-element-2288649b e-con-full e-flex e-con e-parent\" data-id=\"2288649b\" data-element_type=\"container\" data-e-type=\"container\">\n\t\t<div class=\"elementor-element elementor-element-38c3a1f7 e-con-full e-flex e-con e-child\" data-id=\"38c3a1f7\" data-element_type=\"container\" data-e-type=\"container\">\n\t\t\t\t<div class=\"elementor-element elementor-element-14d67ec4 elementor-widget elementor-widget-text-editor\" data-id=\"14d67ec4\" data-element_type=\"widget\" data-e-type=\"widget\" data-widget_type=\"text-editor.default\">\n\t\t\t\t<div class=\"elementor-widget-container\">\n\t\t\t\t\t\t\t\t\t<p>Smartbrain funziona nel cloud, e pu\u00f2 essere utilizzato con qualsiasi computer, tablet, smartphone o dispositivo connesso a Internet, 24 ore su 24, tutti i giorni.<\/p><p>Quando contrai la licenza per utilizzare Smartbrain, ricevi chiavi di accesso personali al programma, che ti consentono di utilizzarlo come super amministratore, amministratore, tutor o utente.<\/p><p>Tali password personali dovranno essere digitate nelle corrispondenti finestre di accesso al programma per accedere all&#8217;ambiente di lavoro di ciascuno dei profili.<\/p>\t\t\t\t\t\t\t\t<\/div>\n\t\t\t\t<\/div>\n\t\t\t\t<\/div>\n\t\t\t\t<\/div>\n\t\t<div class=\"elementor-element elementor-element-747f1af8 e-con-full e-flex e-con e-parent\" data-id=\"747f1af8\" data-element_type=\"container\" data-e-type=\"container\">\n\t\t<div class=\"elementor-element elementor-element-2dac2647 e-con-full e-flex e-con e-child\" data-id=\"2dac2647\" data-element_type=\"container\" data-e-type=\"container\">\n\t\t\t\t<div class=\"elementor-element elementor-element-49f0363f elementor-widget elementor-widget-text-editor\" data-id=\"49f0363f\" data-element_type=\"widget\" data-e-type=\"widget\" data-widget_type=\"text-editor.default\">\n\t\t\t\t<div class=\"elementor-widget-container\">\n\t\t\t\t\t\t\t\t\t<p>Il profilo di super amministratore appare nei casi in cui il programma \u00e8 contratto da entit\u00e0 che intendono utilizzarlo in diversi centri o unit\u00e0, poich\u00e9 questo profilo ha la capacit\u00e0 di registrare amministratori nel programma, uno per ogni centro o unit\u00e0, e altrettanti secondo necessit\u00e0, assegnando loro i codici di accesso. Quando la contrattazione del programma viene effettuata da un singolo centro, o da uno specialista, i codici di accesso forniti con la contrattazione sono direttamente quelli dell&#8217;amministratore.<\/p><p>Gli amministratori sono coloro che hanno la possibilit\u00e0 di registrare i tutor nel programma, quanti sono necessari, e di assegnare loro i codici di accesso. I tutor sono i terapisti che in ogni centro o unit\u00e0 supervisioneranno l&#8217;utilizzo del programma da parte degli utenti.<\/p><p>I tutor sono poi coloro che hanno la possibilit\u00e0 di registrare gli utenti (i loro pazienti) nel programma e, con l&#8217;aiuto degli strumenti disponibili nell&#8217;ambiente tutor, assegnare a ciascuno i propri piani di stimolazione cognitiva personalizzati combinando le attivit\u00e0 che dovrebbero da svolgere, parametrizzati con rispettivi livelli di difficolt\u00e0, numero di esercizi e lingua di esecuzione.<\/p><p>Tale parametrizzazione si completa con la definizione dei giorni della settimana lavorativa, dell&#8217;orario di lavoro in ciascuna sessione, degli avvisi da ricevere, degli eventuali esami periodici da effettuare, ecc.<\/p>\t\t\t\t\t\t\t\t<\/div>\n\t\t\t\t<\/div>\n\t\t\t\t<\/div>\n\t\t\t\t<\/div>\n\t\t<div class=\"elementor-element elementor-element-21c67327 e-con-full e-flex e-con e-parent\" data-id=\"21c67327\" data-element_type=\"container\" data-e-type=\"container\">\n\t\t<div class=\"elementor-element elementor-element-7b94f2d4 e-con-full e-flex e-con e-child\" data-id=\"7b94f2d4\" data-element_type=\"container\" data-e-type=\"container\">\n\t\t\t\t<div class=\"elementor-element elementor-element-162cf785 elementor-widget elementor-widget-text-editor\" data-id=\"162cf785\" data-element_type=\"widget\" data-e-type=\"widget\" data-widget_type=\"text-editor.default\">\n\t\t\t\t<div class=\"elementor-widget-container\">\n\t\t\t\t\t\t\t\t\t<p>Gli utenti, una volta registrati nel programma e dopo aver loro assegnato un piano di stimolazione personalizzato, dovranno solo utilizzare i propri codici di accesso per entrare nell&#8217;ambiente di esecuzione delle attivit\u00e0 ed eseguire gli esercizi assegnati ai propri tutor.<\/p><p>L&#8217;esecuzione degli esercizi \u00e8 molto semplice e divertente, poich\u00e9 vengono presentati automaticamente e consecutivamente e per rispondere alle diverse situazioni che si presentano, tutto ci\u00f2 che devono fare \u00e8 seguire le istruzioni orali e scritte che ricevono e interagire con il touch screen o con il mouse.<\/p><p>L&#8217;esecuzione degli esercizi da parte degli utenti viene registrata in modo immediato e automatico, generando i relativi avvisi, in modo che i tutor possano consultare i dati in ogni momento e decidere se \u00e8 necessario apportare eventuali modifiche ai piani di lavoro.<\/p><p>Se vuoi saperne di pi\u00f9 su come funziona Smartbrain e sui diversi profili coinvolti in questa possibilit\u00e0 di utilizzo del programma, <a href=\"mailto:info@smartbrain.net\" target=\"_blank\" rel=\"noopener\">ti invitiamo a contattarci<\/a><\/p><p>\u00a0<\/p>\t\t\t\t\t\t\t\t<\/div>\n\t\t\t\t<\/div>\n\t\t\t\t<\/div>\n\t\t\t\t<\/div>\n\t\t\t\t<section class=\"elementor-section elementor-top-section elementor-element elementor-element-21a458be elementor-section-boxed elementor-section-height-default elementor-section-height-default\" data-id=\"21a458be\" data-element_type=\"section\" data-e-type=\"section\" id=\"demo-familia\" data-settings=\"{&quot;background_background&quot;:&quot;slideshow&quot;,&quot;background_slideshow_gallery&quot;:[],&quot;background_slideshow_loop&quot;:&quot;yes&quot;,&quot;background_slideshow_slide_duration&quot;:5000,&quot;background_slideshow_slide_transition&quot;:&quot;fade&quot;,&quot;background_slideshow_transition_duration&quot;:500}\">\n\t\t\t\t\t\t\t<div class=\"elementor-background-overlay\"><\/div>\n\t\t\t\t\t\t\t<div class=\"elementor-container elementor-column-gap-default\">\n\t\t\t\t\t<div class=\"elementor-column elementor-col-100 elementor-top-column elementor-element elementor-element-56b2d07c\" data-id=\"56b2d07c\" data-element_type=\"column\" data-e-type=\"column\" data-settings=\"{&quot;background_background&quot;:&quot;slideshow&quot;,&quot;background_slideshow_gallery&quot;:[],&quot;background_slideshow_loop&quot;:&quot;yes&quot;,&quot;background_slideshow_slide_duration&quot;:5000,&quot;background_slideshow_slide_transition&quot;:&quot;fade&quot;,&quot;background_slideshow_transition_duration&quot;:500}\">\n\t\t\t<div class=\"elementor-widget-wrap elementor-element-populated\">\n\t\t\t\t\t\t<div class=\"elementor-element elementor-element-28f88dd6 elementor-widget elementor-widget-heading\" data-id=\"28f88dd6\" data-element_type=\"widget\" data-e-type=\"widget\" data-widget_type=\"heading.default\">\n\t\t\t\t<div class=\"elementor-widget-container\">\n\t\t\t\t\t<h4 class=\"elementor-heading-title elementor-size-default\">Solicita ahora tu prueba gratuita<\/h4>\t\t\t\t<\/div>\n\t\t\t\t<\/div>\n\t\t\t\t<div class=\"elementor-element elementor-element-7ef0ae58 elementor-widget elementor-widget-text-editor\" data-id=\"7ef0ae58\" data-element_type=\"widget\" data-e-type=\"widget\" data-widget_type=\"text-editor.default\">\n\t\t\t\t<div class=\"elementor-widget-container\">\n\t\t\t\t\t\t\t\t\t<p class=\"p1\">Te invitamos a que pruebes lo f\u00e1cil y ameno que es utilizar el Programa Smartbrain directa\u00a0 y\u00a0 c\u00f3modamente desde casa, para cuidar de tu familiar afectado sin necesidad de desplazamientos, y para mantener por m\u00e1s tiempo la calidad de vida de todos a la vez que ahorras dinero.<\/p>\t\t\t\t\t\t\t\t<\/div>\n\t\t\t\t<\/div>\n\t\t\t\t<div class=\"elementor-element elementor-element-6d518f26 elementor-align-center elementor-widget elementor-widget-button\" data-id=\"6d518f26\" data-element_type=\"widget\" data-e-type=\"widget\" data-widget_type=\"button.default\">\n\t\t\t\t<div class=\"elementor-widget-container\">\n\t\t\t\t\t\t\t\t\t<div class=\"elementor-button-wrapper\">\n\t\t\t\t\t<a class=\"elementor-button elementor-button-link elementor-size-sm\" href=\"https:\/\/www.smartbrain.es\/smartbrain_it\/solicitar-demo\/\">\n\t\t\t\t\t\t<span class=\"elementor-button-content-wrapper\">\n\t\t\t\t\t\t\t\t\t<span class=\"elementor-button-text\">Quiero probar Smartbrain<\/span>\n\t\t\t\t\t<\/span>\n\t\t\t\t\t<\/a>\n\t\t\t\t<\/div>\n\t\t\t\t\t\t\t\t<\/div>\n\t\t\t\t<\/div>\n\t\t\t\t\t<\/div>\n\t\t<\/div>\n\t\t\t\t\t<\/div>\n\t\t<\/section>\n\t\t\t\t<\/div>\n\t\t","protected":false},"excerpt":{"rendered":"<p>Come accedere e utilizzare Smartbrain Smartbrain funziona nel cloud, e pu\u00f2 essere utilizzato con qualsiasi computer, tablet, smartphone o dispositivo connesso a Internet, 24 ore su 24, tutti i giorni. Quando contrai la licenza per utilizzare Smartbrain, ricevi chiavi di accesso personali al programma, che ti consentono di utilizzarlo come super amministratore, amministratore, tutor o&#8230;<\/p>\n","protected":false},"author":1,"featured_media":0,"parent":0,"menu_order":0,"comment_status":"closed","ping_status":"closed","template":"","meta":{"footnotes":""},"class_list":["post-4015","page","type-page","status-publish","hentry"],"aioseo_notices":[],"_links":{"self":[{"href":"https:\/\/www.smartbrain.es\/smartbrain_it\/wp-json\/wp\/v2\/pages\/4015","targetHints":{"allow":["GET"]}}],"collection":[{"href":"https:\/\/www.smartbrain.es\/smartbrain_it\/wp-json\/wp\/v2\/pages"}],"about":[{"href":"https:\/\/www.smartbrain.es\/smartbrain_it\/wp-json\/wp\/v2\/types\/page"}],"author":[{"embeddable":true,"href":"https:\/\/www.smartbrain.es\/smartbrain_it\/wp-json\/wp\/v2\/users\/1"}],"replies":[{"embeddable":true,"href":"https:\/\/www.smartbrain.es\/smartbrain_it\/wp-json\/wp\/v2\/comments?post=4015"}],"version-history":[{"count":7,"href":"https:\/\/www.smartbrain.es\/smartbrain_it\/wp-json\/wp\/v2\/pages\/4015\/revisions"}],"predecessor-version":[{"id":4556,"href":"https:\/\/www.smartbrain.es\/smartbrain_it\/wp-json\/wp\/v2\/pages\/4015\/revisions\/4556"}],"wp:attachment":[{"href":"https:\/\/www.smartbrain.es\/smartbrain_it\/wp-json\/wp\/v2\/media?parent=4015"}],"curies":[{"name":"wp","href":"https:\/\/api.w.org\/{rel}","templated":true}]}}